{"id":101,"date":"2014-08-05T13:47:55","date_gmt":"2014-08-05T13:47:55","guid":{"rendered":"http:\/\/natursteine-krenz.de\/?page_id=101"},"modified":"2026-01-04T18:25:33","modified_gmt":"2026-01-04T18:25:33","slug":"anfahrtsbeschreibung","status":"publish","type":"page","link":"https:\/\/natursteine-krenz.de\/?page_id=101","title":{"rendered":"Anfahrtsbeschreibung"},"content":{"rendered":"\n<p><strong>So erreichen Sie uns:<\/strong><\/p>\n\n\n<div class=\"wp-block-image\">\n<figure class=\"alignleft\"><img loading=\"lazy\" decoding=\"async\" width=\"64\" height=\"64\" src=\"https:\/\/natursteine-krenz.de\/wp-content\/uploads\/2014\/08\/Anfahrt-Auto.png\" alt=\"Anfahrt Auto\" class=\"wp-image-102\"\/><\/figure>\n<\/div>\n\n\n<p>Mit dem Auto direkt zum Parkplatz des Krematoriums des N\u00fcrnberger Westfriedhofes. Direkt auf der anderen Stra\u00dfenseite in der Schnieglinger Stra\u00dfe 144 &#8211; 90425 N\u00fcrnberg finden Sie unsere Werkstatt und unsere Ausstellungsfl\u00e4che. Der Zugang ist teilweise Barrierefrei (leichte geteerte Steigung). Wir helfen Ihnen gerne. Unsere zweite Werkstatt finden Sie am Haupteingang des Westfriedhofes am Nordwestring 79 &#8211; 90419 N\u00fcrnberg. Diese ist nicht Barrierefrei. Je nach Termin, vereinbaren wir mit Ihnen in einer unserer Werkst\u00e4tten den Treffpunkt.<\/p>\n\n\n\n<p><\/p>\n\n\n<div class=\"wp-block-image\">\n<figure class=\"alignleft\"><a href=\"https:\/\/natursteine-krenz.de\/wp-content\/uploads\/2014\/08\/Anfahrt-Bus.png\"><img loading=\"lazy\" decoding=\"async\" width=\"64\" height=\"66\" src=\"https:\/\/natursteine-krenz.de\/wp-content\/uploads\/2014\/08\/Anfahrt-Bus.png\" alt=\"Anfahrt Bus\" class=\"wp-image-103\"\/><\/a><\/figure>\n<\/div>\n\n\n<p>Mit den \u00d6ffentlichen Verkehrsmitteln erreichen Sie unsere Werkstatt in der Schnieglinger Stra\u00dfe mit dem Bus Nr. 38, Haltestelle Krematorium. Die Haltestelle befindet sich direkt an unserer Werkstatt. Unsere Werkstatt am Nordwestring 79 erreichen Sie mit der Buslinie 35, 38 und 39. Und mit der Stra\u00dfenbahn erreichen Sie uns mit der Linie 6.<\/p>\n\n\n\n<p><strong>\u00d6ffnungszeiten:<\/strong><\/p>\n\n\n\n<p class=\"has-text-align-center\">Montag von 9 &#8211; 15 Uhr<\/p>\n\n\n\n<p class=\"has-text-align-center\">Dienstag, Mittwoch und Donnerstag von 9 &#8211; 16 Uhr<\/p>\n\n\n\n<p class=\"has-text-align-center\">Freitag von 9 bis 12 Uhr<\/p>\n\n\n\n<p class=\"has-text-align-center\"><em>Bitte rufen Sie vorher kurz an<\/em> (0911 &#8211; 33 98 86) oder schreiben Sie eine E-Mail an info@natursteine-gebsattel.de. Termine sind auch au\u00dferhalb unserer Gesch\u00e4ftszeiten m\u00f6glich. Fragen Sie einfach nach.<br><\/p>\n\n\n\n<p class=\"has-text-align-center\"><strong><em>Es ist immer m\u00f6glich, das wir kurzfristig zu Arbeiten auf dem Friedhof oder einer Baustelle unterwegs sind und unsere Werkstatt dann nicht besetzt ist<\/em><\/strong><\/p>\n\n\n\n<div style=\"text-align: center;\"><iframe src=\"https:\/\/www.google.com\/maps\/embed?pb=!1m18!1m12!1m3!1d3119.6448415227105!2d11.036572534887705!3d49.46653!2m3!1f0!2f0!3f0!3m2!1i1024!2i768!4f13.1!3m3!1m2!1s0x479f5779e6eb8e0d%3A0xbede5ae84f6afda5!2sNatursteine%20und%20Grabmale%20Krenz%2C%20vorm.%20Armin%20Popp%20Westfriedhof!5e1!3m2!1sde!2sde!4v1764965328836!5m2!1sde!2sde\" width=\"600\" height=\"450\" style=\"border:0;\" allowfullscreen=\"\" loading=\"lazy\" referrerpolicy=\"no-referrer-when-downgrade\"><\/iframe><\/div>\n\n\n\n<div class=\"wp-block-group\"><div class=\"wp-block-group__inner-container is-layout-constrained wp-block-group-is-layout-constrained\">\n<div style=\"text-align: center;\"><iframe src=\"https:\/\/www.google.com\/maps\/embed?pb=!1m18!1m12!1m3!1d3119.9100529960497!2d11.04542823488769!3d49.462364799999996!2m3!1f0!2f0!3f0!3m2!1i1024!2i768!4f13.1!3m3!1m2!1s0x479f5644527d3d03%3A0xcf07d276cb713f19!2sNatursteine%20%26%20Grabmale%20G.Krenz%20GmbH!5e1!3m2!1sde!2sde!4v1764964820878!5m2!1sde!2sde\" width=\"600\" height=\"450\" style=\"border:0;\" allowfullscreen=\"\" loading=\"lazy\" referrerpolicy=\"no-referrer-when-downgrade\"><\/iframe><\/div>\n<\/div><\/div>\n\n\n\n<p><\/p>\n","protected":false},"excerpt":{"rendered":"<p>So erreichen Sie uns: Mit dem Auto direkt zum Parkplatz des Krematoriums des N\u00fcrnberger Westfriedhofes. Direkt auf der anderen Stra\u00dfenseite in der Schnieglinger Stra\u00dfe 144 &#8211; 90425 N\u00fcrnberg finden Sie unsere Werkstatt und unsere Ausstellungsfl\u00e4che. Der Zugang ist teilweise Barrierefrei (leichte geteerte Steigung). Wir helfen Ihnen gerne. Unsere zweite Werkstatt\u2026<\/p>\n<p class=\"continue-reading-button\"> <a class=\"continue-reading-link\" href=\"https:\/\/natursteine-krenz.de\/?page_id=101\">Continue reading<i class=\"crycon-right-dir\"><\/i><\/a><\/p>\n","protected":false},"author":1,"featured_media":0,"parent":0,"menu_order":0,"comment_status":"closed","ping_status":"open","template":"","meta":{"footnotes":""},"class_list":["post-101","page","type-page","status-publish","hentry","gallery-content-unit"],"yoast_head":"<!-- This site is optimized with the Yoast SEO plugin v26.9 - https:\/\/yoast.com\/product\/yoast-seo-wordpress\/ -->\n<title>Anfahrtsbeschreibung - Natursteine &amp; Grabmale G. Krenz GmbH<\/title>\n<meta name=\"robots\" content=\"index, follow, max-snippet:-1, max-image-preview:large, max-video-preview:-1\" \/>\n<link rel=\"canonical\" href=\"https:\/\/natursteine-krenz.de\/?page_id=101\" \/>\n<meta property=\"og:locale\" content=\"de_DE\" \/>\n<meta property=\"og:type\" content=\"article\" \/>\n<meta property=\"og:title\" content=\"Anfahrtsbeschreibung - Natursteine &amp; Grabmale G. Krenz GmbH\" \/>\n<meta property=\"og:description\" content=\"So erreichen Sie uns: Mit dem Auto direkt zum Parkplatz des Krematoriums des N\u00fcrnberger Westfriedhofes. Direkt auf der anderen Stra\u00dfenseite in der Schnieglinger Stra\u00dfe 144 &#8211; 90425 N\u00fcrnberg finden Sie unsere Werkstatt und unsere Ausstellungsfl\u00e4che. Der Zugang ist teilweise Barrierefrei (leichte geteerte Steigung). Wir helfen Ihnen gerne. Unsere zweite Werkstatt\u2026 Continue reading\" \/>\n<meta property=\"og:url\" content=\"https:\/\/natursteine-krenz.de\/?page_id=101\" \/>\n<meta property=\"og:site_name\" content=\"Natursteine &amp; Grabmale G. Krenz GmbH\" \/>\n<meta property=\"article:publisher\" content=\"https:\/\/www.facebook.com\/Natursteine-Grabmale-G-Krenz-GmbH-492980750825216\" \/>\n<meta property=\"article:modified_time\" content=\"2026-01-04T18:25:33+00:00\" \/>\n<meta property=\"og:image\" content=\"http:\/\/natursteine-krenz.de\/wp-content\/uploads\/2014\/08\/Anfahrt-Auto.png\" \/>\n<meta name=\"twitter:card\" content=\"summary_large_image\" \/>\n<meta name=\"twitter:label1\" content=\"Gesch\u00e4tzte Lesezeit\" \/>\n\t<meta name=\"twitter:data1\" content=\"2\u00a0Minuten\" \/>\n<script type=\"application\/ld+json\" class=\"yoast-schema-graph\">{\"@context\":\"https:\/\/schema.org\",\"@graph\":[{\"@type\":\"WebPage\",\"@id\":\"https:\/\/natursteine-krenz.de\/?page_id=101\",\"url\":\"https:\/\/natursteine-krenz.de\/?page_id=101\",\"name\":\"Anfahrtsbeschreibung - Natursteine &amp; Grabmale G. Krenz GmbH\",\"isPartOf\":{\"@id\":\"https:\/\/natursteine-krenz.de\/#website\"},\"primaryImageOfPage\":{\"@id\":\"https:\/\/natursteine-krenz.de\/?page_id=101#primaryimage\"},\"image\":{\"@id\":\"https:\/\/natursteine-krenz.de\/?page_id=101#primaryimage\"},\"thumbnailUrl\":\"http:\/\/natursteine-krenz.de\/wp-content\/uploads\/2014\/08\/Anfahrt-Auto.png\",\"datePublished\":\"2014-08-05T13:47:55+00:00\",\"dateModified\":\"2026-01-04T18:25:33+00:00\",\"breadcrumb\":{\"@id\":\"https:\/\/natursteine-krenz.de\/?page_id=101#breadcrumb\"},\"inLanguage\":\"de\",\"potentialAction\":[{\"@type\":\"ReadAction\",\"target\":[\"https:\/\/natursteine-krenz.de\/?page_id=101\"]}]},{\"@type\":\"ImageObject\",\"inLanguage\":\"de\",\"@id\":\"https:\/\/natursteine-krenz.de\/?page_id=101#primaryimage\",\"url\":\"http:\/\/natursteine-krenz.de\/wp-content\/uploads\/2014\/08\/Anfahrt-Auto.png\",\"contentUrl\":\"http:\/\/natursteine-krenz.de\/wp-content\/uploads\/2014\/08\/Anfahrt-Auto.png\"},{\"@type\":\"BreadcrumbList\",\"@id\":\"https:\/\/natursteine-krenz.de\/?page_id=101#breadcrumb\",\"itemListElement\":[{\"@type\":\"ListItem\",\"position\":1,\"name\":\"Startseite\",\"item\":\"https:\/\/natursteine-krenz.de\/\"},{\"@type\":\"ListItem\",\"position\":2,\"name\":\"Anfahrtsbeschreibung\"}]},{\"@type\":\"WebSite\",\"@id\":\"https:\/\/natursteine-krenz.de\/#website\",\"url\":\"https:\/\/natursteine-krenz.de\/\",\"name\":\"Natursteine &amp; Grabmale G. Krenz GmbH\",\"description\":\"Steinmetz und Bildhauer Meisterbetrieb\",\"publisher\":{\"@id\":\"https:\/\/natursteine-krenz.de\/#organization\"},\"potentialAction\":[{\"@type\":\"SearchAction\",\"target\":{\"@type\":\"EntryPoint\",\"urlTemplate\":\"https:\/\/natursteine-krenz.de\/?s={search_term_string}\"},\"query-input\":{\"@type\":\"PropertyValueSpecification\",\"valueRequired\":true,\"valueName\":\"search_term_string\"}}],\"inLanguage\":\"de\"},{\"@type\":\"Organization\",\"@id\":\"https:\/\/natursteine-krenz.de\/#organization\",\"name\":\"Natursteine und Grabmale G. Krenz GmbH\",\"url\":\"https:\/\/natursteine-krenz.de\/\",\"logo\":{\"@type\":\"ImageObject\",\"inLanguage\":\"de\",\"@id\":\"https:\/\/natursteine-krenz.de\/#\/schema\/logo\/image\/\",\"url\":\"https:\/\/natursteine-krenz.de\/wp-content\/uploads\/2022\/01\/2020-_-Firmenkarte-kleiner-Rand-scaled.jpg\",\"contentUrl\":\"https:\/\/natursteine-krenz.de\/wp-content\/uploads\/2022\/01\/2020-_-Firmenkarte-kleiner-Rand-scaled.jpg\",\"width\":2560,\"height\":1654,\"caption\":\"Natursteine und Grabmale G. Krenz GmbH\"},\"image\":{\"@id\":\"https:\/\/natursteine-krenz.de\/#\/schema\/logo\/image\/\"},\"sameAs\":[\"https:\/\/www.facebook.com\/Natursteine-Grabmale-G-Krenz-GmbH-492980750825216\"]}]}<\/script>\n<!-- \/ Yoast SEO plugin. -->","yoast_head_json":{"title":"Anfahrtsbeschreibung - Natursteine &amp; Grabmale G. Krenz GmbH","robots":{"index":"index","follow":"follow","max-snippet":"max-snippet:-1","max-image-preview":"max-image-preview:large","max-video-preview":"max-video-preview:-1"},"canonical":"https:\/\/natursteine-krenz.de\/?page_id=101","og_locale":"de_DE","og_type":"article","og_title":"Anfahrtsbeschreibung - Natursteine &amp; Grabmale G. Krenz GmbH","og_description":"So erreichen Sie uns: Mit dem Auto direkt zum Parkplatz des Krematoriums des N\u00fcrnberger Westfriedhofes. Direkt auf der anderen Stra\u00dfenseite in der Schnieglinger Stra\u00dfe 144 &#8211; 90425 N\u00fcrnberg finden Sie unsere Werkstatt und unsere Ausstellungsfl\u00e4che. Der Zugang ist teilweise Barrierefrei (leichte geteerte Steigung). Wir helfen Ihnen gerne. Unsere zweite Werkstatt\u2026 Continue reading","og_url":"https:\/\/natursteine-krenz.de\/?page_id=101","og_site_name":"Natursteine &amp; Grabmale G. Krenz GmbH","article_publisher":"https:\/\/www.facebook.com\/Natursteine-Grabmale-G-Krenz-GmbH-492980750825216","article_modified_time":"2026-01-04T18:25:33+00:00","og_image":[{"url":"http:\/\/natursteine-krenz.de\/wp-content\/uploads\/2014\/08\/Anfahrt-Auto.png","type":"","width":"","height":""}],"twitter_card":"summary_large_image","twitter_misc":{"Gesch\u00e4tzte Lesezeit":"2\u00a0Minuten"},"schema":{"@context":"https:\/\/schema.org","@graph":[{"@type":"WebPage","@id":"https:\/\/natursteine-krenz.de\/?page_id=101","url":"https:\/\/natursteine-krenz.de\/?page_id=101","name":"Anfahrtsbeschreibung - Natursteine &amp; Grabmale G. Krenz GmbH","isPartOf":{"@id":"https:\/\/natursteine-krenz.de\/#website"},"primaryImageOfPage":{"@id":"https:\/\/natursteine-krenz.de\/?page_id=101#primaryimage"},"image":{"@id":"https:\/\/natursteine-krenz.de\/?page_id=101#primaryimage"},"thumbnailUrl":"http:\/\/natursteine-krenz.de\/wp-content\/uploads\/2014\/08\/Anfahrt-Auto.png","datePublished":"2014-08-05T13:47:55+00:00","dateModified":"2026-01-04T18:25:33+00:00","breadcrumb":{"@id":"https:\/\/natursteine-krenz.de\/?page_id=101#breadcrumb"},"inLanguage":"de","potentialAction":[{"@type":"ReadAction","target":["https:\/\/natursteine-krenz.de\/?page_id=101"]}]},{"@type":"ImageObject","inLanguage":"de","@id":"https:\/\/natursteine-krenz.de\/?page_id=101#primaryimage","url":"http:\/\/natursteine-krenz.de\/wp-content\/uploads\/2014\/08\/Anfahrt-Auto.png","contentUrl":"http:\/\/natursteine-krenz.de\/wp-content\/uploads\/2014\/08\/Anfahrt-Auto.png"},{"@type":"BreadcrumbList","@id":"https:\/\/natursteine-krenz.de\/?page_id=101#breadcrumb","itemListElement":[{"@type":"ListItem","position":1,"name":"Startseite","item":"https:\/\/natursteine-krenz.de\/"},{"@type":"ListItem","position":2,"name":"Anfahrtsbeschreibung"}]},{"@type":"WebSite","@id":"https:\/\/natursteine-krenz.de\/#website","url":"https:\/\/natursteine-krenz.de\/","name":"Natursteine &amp; Grabmale G. Krenz GmbH","description":"Steinmetz und Bildhauer Meisterbetrieb","publisher":{"@id":"https:\/\/natursteine-krenz.de\/#organization"},"potentialAction":[{"@type":"SearchAction","target":{"@type":"EntryPoint","urlTemplate":"https:\/\/natursteine-krenz.de\/?s={search_term_string}"},"query-input":{"@type":"PropertyValueSpecification","valueRequired":true,"valueName":"search_term_string"}}],"inLanguage":"de"},{"@type":"Organization","@id":"https:\/\/natursteine-krenz.de\/#organization","name":"Natursteine und Grabmale G. Krenz GmbH","url":"https:\/\/natursteine-krenz.de\/","logo":{"@type":"ImageObject","inLanguage":"de","@id":"https:\/\/natursteine-krenz.de\/#\/schema\/logo\/image\/","url":"https:\/\/natursteine-krenz.de\/wp-content\/uploads\/2022\/01\/2020-_-Firmenkarte-kleiner-Rand-scaled.jpg","contentUrl":"https:\/\/natursteine-krenz.de\/wp-content\/uploads\/2022\/01\/2020-_-Firmenkarte-kleiner-Rand-scaled.jpg","width":2560,"height":1654,"caption":"Natursteine und Grabmale G. Krenz GmbH"},"image":{"@id":"https:\/\/natursteine-krenz.de\/#\/schema\/logo\/image\/"},"sameAs":["https:\/\/www.facebook.com\/Natursteine-Grabmale-G-Krenz-GmbH-492980750825216"]}]}},"_links":{"self":[{"href":"https:\/\/natursteine-krenz.de\/index.php?rest_route=\/wp\/v2\/pages\/101","targetHints":{"allow":["GET"]}}],"collection":[{"href":"https:\/\/natursteine-krenz.de\/index.php?rest_route=\/wp\/v2\/pages"}],"about":[{"href":"https:\/\/natursteine-krenz.de\/index.php?rest_route=\/wp\/v2\/types\/page"}],"author":[{"embeddable":true,"href":"https:\/\/natursteine-krenz.de\/index.php?rest_route=\/wp\/v2\/users\/1"}],"replies":[{"embeddable":true,"href":"https:\/\/natursteine-krenz.de\/index.php?rest_route=%2Fwp%2Fv2%2Fcomments&post=101"}],"version-history":[{"count":19,"href":"https:\/\/natursteine-krenz.de\/index.php?rest_route=\/wp\/v2\/pages\/101\/revisions"}],"predecessor-version":[{"id":605,"href":"https:\/\/natursteine-krenz.de\/index.php?rest_route=\/wp\/v2\/pages\/101\/revisions\/605"}],"wp:attachment":[{"href":"https:\/\/natursteine-krenz.de\/index.php?rest_route=%2Fwp%2Fv2%2Fmedia&parent=101"}],"curies":[{"name":"wp","href":"https:\/\/api.w.org\/{rel}","templated":true}]}}