{"id":2,"date":"2014-05-09T04:35:09","date_gmt":"2014-05-09T04:35:09","guid":{"rendered":"http:\/\/localhost\/wordpress-3.9.1\/wordpress\/?page_id=2"},"modified":"2026-02-08T15:59:10","modified_gmt":"2026-02-08T15:59:10","slug":"sample-page","status":"publish","type":"page","link":"https:\/\/natursteine-krenz.de\/","title":{"rendered":"Startseite"},"content":{"rendered":"\n<p class=\"has-text-align-center\"><strong>Kunden der Firma St\u00fcbinger werden seit 2009 und Kunden der Firma Grabmale Armin Popp (Westfriedhof) werden seit 2022 durch uns betreut.<\/strong><\/p>\n\n\n\n<p class=\"has-text-align-center\" style=\"font-size:17px\">Auf den folgenden Seiten wollen wir Ihnen unseren kleinen Handwerksbetrieb, dessen Geschichte, unsere Arbeiten und das Steinmetzhandwerk etwas N\u00e4her bringen.<\/p>\n\n\n\n<p class=\"has-text-align-center\" style=\"font-size:17px\">Sollten Sie Fragen haben, so scheuen Sie sich nicht uns eine E-Mail zu schreiben oder uns anzurufen. Gerne beraten wir Sie unverbindlich und v\u00f6llig kostenlos. Wenn Sie uns einmal nicht erreichen, sprechen Sie uns gerne aufs Band. Wir rufen Sie schnellstm\u00f6glich zur\u00fcck.<\/p>\n\n\n\n<p style=\"font-size:17px\"><\/p>\n\n\n\n<p class=\"has-text-align-center\" style=\"font-size:17px\"><strong>Werkstatt &#8211; B\u00fcro &#8211; Verkauf<\/strong> in der Schnieglinger Str. 144 &#8211; 90425 N\u00fcrnberg<\/p>\n\n\n\n<p class=\"has-text-align-center\"><strong>Werkstatt<\/strong> Nordwestring 79 &#8211; 90419 N\u00fcrnberg<\/p>\n\n\n\n<p class=\"has-text-align-center\" style=\"font-size:17px\"><strong>Telefon:<\/strong> 0911 &#8211; 33 98 86 | <strong>Fax:<\/strong> 0911 &#8211; 374 61 73 | <strong>E-Mail:<\/strong> info@natursteine-gebsattel.de<\/p>\n\n\n\n<p class=\"has-text-align-center\" style=\"font-size:17px\"><\/p>\n\n\n\n<hr class=\"wp-block-separator has-css-opacity\"\/>\n\n\n\n<h2 class=\"wp-block-heading has-medium-font-size\">Neuigkeiten:<\/h2>\n\n\n\n<p class=\"has-text-align-center has-vivid-green-cyan-color has-text-color has-link-color wp-elements-f5ae02b61e10c8a4fd175badd1b967a6\"><\/p>\n\n\n\n<hr class=\"wp-block-separator has-alpha-channel-opacity\"\/>\n\n\n<div class=\"wp-block-image\">\n<figure class=\"alignleft size-full is-resized\"><a href=\"https:\/\/natursteine-krenz.de\/wp-content\/uploads\/2025\/03\/Kammersieg-Schreiben.jpg\"><img loading=\"lazy\" decoding=\"async\" width=\"497\" height=\"323\" src=\"https:\/\/natursteine-krenz.de\/wp-content\/uploads\/2025\/03\/Kammersieg-Schreiben.jpg\" alt=\"\" class=\"wp-image-537\" style=\"width:391px;height:auto\" srcset=\"https:\/\/natursteine-krenz.de\/wp-content\/uploads\/2025\/03\/Kammersieg-Schreiben.jpg 497w, https:\/\/natursteine-krenz.de\/wp-content\/uploads\/2025\/03\/Kammersieg-Schreiben-300x195.jpg 300w, https:\/\/natursteine-krenz.de\/wp-content\/uploads\/2025\/03\/Kammersieg-Schreiben-150x97.jpg 150w\" sizes=\"auto, (max-width: 497px) 100vw, 497px\" \/><\/a><\/figure>\n<\/div>\n\n\n<p class=\"has-text-align-center has-vivid-green-cyan-color has-text-color has-link-color has-small-font-size wp-elements-8f651570f616e5f4a55a659148828e47\">Ausbildung wird bei uns ganz gro\u00df geschrieben. Aktuell haben wir drei Auszubildene. Einen im ersten, einem im zweiten und eine Auszubildende im dritten Lehrjahr. Und wir sind sehr froh, dass auch f\u00fcr das kommende Lehrjahr mit Beginn 1. September 2025, wir einen Auszubildenden finden konnten. Von handwerklicher Denkmalerstellung, Schriftentw\u00fcrfen, Ornament und Profilarbeiten hin zu Friedhofs- u. Baustellenarbeiten umfasst die Ausbildung bei uns eine ganzheitliche Ausbildung des gesamten Spektrums. Sehr stolz sind wir darauf, dass unser letzter Auszubildender Kuro, seine Gesellenpr\u00fcfung als Kammersieger abgeschlossen hat und damit an unsere Meli ankn\u00fcpft und wir somit bereits zwei Kammersieger ausbilden konnten. Lieber Kuro, es freut uns au\u00dferordentlich das du uns als Geselle erhalten bleibst.<\/p>\n\n\n\n<hr class=\"wp-block-separator has-alpha-channel-opacity\"\/>\n\n\n<div class=\"wp-block-image\">\n<figure class=\"alignleft size-large is-resized\"><a href=\"https:\/\/natursteine-krenz.de\/wp-content\/uploads\/2024\/09\/stonetec_BIV_Wettbewerb-Jury_1509-1-scaled.jpg\"><img loading=\"lazy\" decoding=\"async\" width=\"1024\" height=\"683\" src=\"https:\/\/natursteine-krenz.de\/wp-content\/uploads\/2024\/09\/stonetec_BIV_Wettbewerb-Jury_1509-1-1024x683.jpg\" alt=\"\" class=\"wp-image-521\" style=\"width:336px;height:auto\" srcset=\"https:\/\/natursteine-krenz.de\/wp-content\/uploads\/2024\/09\/stonetec_BIV_Wettbewerb-Jury_1509-1-1024x683.jpg 1024w, https:\/\/natursteine-krenz.de\/wp-content\/uploads\/2024\/09\/stonetec_BIV_Wettbewerb-Jury_1509-1-300x200.jpg 300w, https:\/\/natursteine-krenz.de\/wp-content\/uploads\/2024\/09\/stonetec_BIV_Wettbewerb-Jury_1509-1-768x512.jpg 768w, https:\/\/natursteine-krenz.de\/wp-content\/uploads\/2024\/09\/stonetec_BIV_Wettbewerb-Jury_1509-1-1536x1024.jpg 1536w, https:\/\/natursteine-krenz.de\/wp-content\/uploads\/2024\/09\/stonetec_BIV_Wettbewerb-Jury_1509-1-2048x1365.jpg 2048w, https:\/\/natursteine-krenz.de\/wp-content\/uploads\/2024\/09\/stonetec_BIV_Wettbewerb-Jury_1509-1-150x100.jpg 150w\" sizes=\"auto, (max-width: 1024px) 100vw, 1024px\" \/><\/a><\/figure>\n<\/div>\n\n<div class=\"wp-block-image\">\n<figure class=\"alignright size-large is-resized\"><a href=\"https:\/\/natursteine-krenz.de\/wp-content\/uploads\/2024\/09\/IMG_20240621_185410_142-scaled.jpg\"><img loading=\"lazy\" decoding=\"async\" width=\"768\" height=\"1024\" src=\"https:\/\/natursteine-krenz.de\/wp-content\/uploads\/2024\/09\/IMG_20240621_185410_142-768x1024.jpg\" alt=\"\" class=\"wp-image-522\" style=\"width:206px;height:auto\" srcset=\"https:\/\/natursteine-krenz.de\/wp-content\/uploads\/2024\/09\/IMG_20240621_185410_142-768x1024.jpg 768w, https:\/\/natursteine-krenz.de\/wp-content\/uploads\/2024\/09\/IMG_20240621_185410_142-225x300.jpg 225w, https:\/\/natursteine-krenz.de\/wp-content\/uploads\/2024\/09\/IMG_20240621_185410_142-1152x1536.jpg 1152w, https:\/\/natursteine-krenz.de\/wp-content\/uploads\/2024\/09\/IMG_20240621_185410_142-1536x2048.jpg 1536w, https:\/\/natursteine-krenz.de\/wp-content\/uploads\/2024\/09\/IMG_20240621_185410_142-113x150.jpg 113w, https:\/\/natursteine-krenz.de\/wp-content\/uploads\/2024\/09\/IMG_20240621_185410_142-scaled.jpg 1920w\" sizes=\"auto, (max-width: 768px) 100vw, 768px\" \/><\/a><\/figure>\n<\/div>\n\n\n<p class=\"has-small-font-size\">Den 3. Platz belegte unser Auszubildender beim diesj\u00e4hrigen Leistungswettbewerb des deutschen Steinmetzhandwerks.  Herzlichen Gl\u00fcckwunsch!<\/p>\n\n\n\n<p class=\"has-small-font-size\">Unter dem Motto Mensch und Natur, fertigte unser Kuro eine Meeresschildkr\u00f6te welche in einem Netz gefangen ist.<\/p>\n\n\n\n<p class=\"has-small-font-size\">Und das ganze in nur knappen 3 Tagen. <\/p>\n\n\n\n<p><\/p>\n\n\n\n<hr class=\"wp-block-separator has-alpha-channel-opacity\"\/>\n\n\n\n<p class=\"has-small-font-size\">Ein sch\u00f6ner Artikel \u00fcber unseren kleinen Handwerksbetrieb und unsere Melanie (Herzog-Gebsattel) in den N\u00fcrnberger Nachrichten:<\/p>\n\n\n<div class=\"wp-block-image\">\n<figure class=\"aligncenter size-large is-resized\"><a href=\"https:\/\/natursteine-krenz.de\/wp-content\/uploads\/2021\/11\/2021_10_28.-Krenz-Artikel-NN-als-Bild-scaled.jpg\"><img loading=\"lazy\" decoding=\"async\" width=\"892\" height=\"1024\" src=\"https:\/\/natursteine-krenz.de\/wp-content\/uploads\/2021\/11\/2021_10_28.-Krenz-Artikel-NN-als-Bild-892x1024.jpg\" alt=\"\" class=\"wp-image-429\" style=\"aspect-ratio:0.8711010289232763;width:469px;height:auto\" srcset=\"https:\/\/natursteine-krenz.de\/wp-content\/uploads\/2021\/11\/2021_10_28.-Krenz-Artikel-NN-als-Bild-892x1024.jpg 892w, https:\/\/natursteine-krenz.de\/wp-content\/uploads\/2021\/11\/2021_10_28.-Krenz-Artikel-NN-als-Bild-261x300.jpg 261w, https:\/\/natursteine-krenz.de\/wp-content\/uploads\/2021\/11\/2021_10_28.-Krenz-Artikel-NN-als-Bild-768x881.jpg 768w, https:\/\/natursteine-krenz.de\/wp-content\/uploads\/2021\/11\/2021_10_28.-Krenz-Artikel-NN-als-Bild-1338x1536.jpg 1338w, https:\/\/natursteine-krenz.de\/wp-content\/uploads\/2021\/11\/2021_10_28.-Krenz-Artikel-NN-als-Bild-1784x2048.jpg 1784w, https:\/\/natursteine-krenz.de\/wp-content\/uploads\/2021\/11\/2021_10_28.-Krenz-Artikel-NN-als-Bild-300x344.jpg 300w, https:\/\/natursteine-krenz.de\/wp-content\/uploads\/2021\/11\/2021_10_28.-Krenz-Artikel-NN-als-Bild-938x1077.jpg 938w, https:\/\/natursteine-krenz.de\/wp-content\/uploads\/2021\/11\/2021_10_28.-Krenz-Artikel-NN-als-Bild-1309x1502.jpg 1309w\" sizes=\"auto, (max-width: 892px) 100vw, 892px\" \/><\/a><\/figure>\n<\/div>\n\n\n<hr class=\"wp-block-separator has-css-opacity\"\/>\n\n\n\n<p class=\"has-text-align-center has-small-font-size\">Mit Gunst und Verlaub!<\/p>\n\n\n\n<p class=\"has-text-align-center has-small-font-size\">Es ist vollbracht&#8230; am Freitag den 26. Juli 2019 fand die traditionelle Freisprechungsfeier im Steinzentrum Wunsiedel statt.<br>Wir gratulieren unseren beiden Junggesellen Fabio und Meli zur erfolgreichen Gesellenpr\u00fcfung.<\/p>\n\n\n\n<p class=\"has-text-align-center has-small-font-size\"><a href=\"https:\/\/natursteine-krenz.de\/wp-content\/uploads\/2019\/08\/DSC09730-e1564667153374.jpg\"><img loading=\"lazy\" decoding=\"async\" class=\"alignnone  wp-image-387\" src=\"https:\/\/natursteine-krenz.de\/wp-content\/uploads\/2019\/08\/DSC09730-300x200.jpg\" alt=\"\" width=\"399\" height=\"266\"><\/a><br>Melanie Herzog-Gebsattel schloss zudem die Pr\u00fcfung als Jahrgangs Beste ab. Fabio wird nun bei einem Kollegen als Geselle schaffen und Meli wird nat\u00fcrlich in ihrem Betrieb der Firma Krenz bleiben. <span class=\"text_exposed_show\"><br>Mit einem symbolischen Akt der &#8220;letzten Z\u00fcchtigung&#8221; und drei Spitzhieben auf einen Stein wurden die Beiden in den Gesellenstand erhoben. Alles Gute und viel Erfolg euch weiterhin.<\/span><\/p>\n\n\n\n<div class=\"text_exposed_show\">\n<p style=\"text-align: center;\">Mit Gunst und Verlaub<br>G\u00fcnther Gebsattel<br>Steinmetz und Bildhauermeister<\/p>\n<\/div>\n\n\n\n<hr class=\"wp-block-separator has-css-opacity\"\/>\n\n\n\n<h2 class=\"wp-block-heading\">Presseberichte:<\/h2>\n\n\n\n<p class=\"has-small-font-size\"><strong>Wie wird ein liegendes Grabmal gesetzt?<\/strong><\/p>\n\n\n\n<p class=\"has-small-font-size\">Die Reportage hat die Studentin Leonie Leistner (von den christlichen Pfadfindern&nbsp;aus F\u00fcrth)&nbsp;im Rahmen des Studiengangs Technikjournalismus an der Technischen Hochschule N\u00fcrnberg geschrieben&#8230;. sch\u00f6n das du bei uns warst liebe Leonie. Aber lesen sie selbst (auf das Bild klicken):<\/p>\n\n\n\n<figure class=\"wp-block-image\"><a href=\"http:\/\/natursteine-nuernberg.de\/Presseberichte\/Reportage_Grabsteinsetzung_Leonie_Leistner.pdf\" target=\"_blank\" rel=\"noopener noreferrer\"><img loading=\"lazy\" decoding=\"async\" width=\"300\" height=\"225\" src=\"https:\/\/natursteine-krenz.de\/wp-content\/uploads\/2014\/05\/DSCN3205-300x225.jpg\" alt=\"DSCN3205\" class=\"wp-image-268\" srcset=\"https:\/\/natursteine-krenz.de\/wp-content\/uploads\/2014\/05\/DSCN3205-300x225.jpg 300w, https:\/\/natursteine-krenz.de\/wp-content\/uploads\/2014\/05\/DSCN3205-768x576.jpg 768w, https:\/\/natursteine-krenz.de\/wp-content\/uploads\/2014\/05\/DSCN3205-1024x768.jpg 1024w, https:\/\/natursteine-krenz.de\/wp-content\/uploads\/2014\/05\/DSCN3205-938x704.jpg 938w, https:\/\/natursteine-krenz.de\/wp-content\/uploads\/2014\/05\/DSCN3205-1309x982.jpg 1309w\" sizes=\"auto, (max-width: 300px) 100vw, 300px\" \/><\/a><\/figure>\n\n\n\n<hr class=\"wp-block-separator has-css-opacity\"\/>\n\n\n\n<p class=\"has-small-font-size\">Am liebsten arbeiten wir mit einheimischen&nbsp;Materialien. Wenn der Kunde dann jedoch&nbsp;mal was aus &#8220;\u00dcbersee&#8221; w\u00fcnscht, haben wir auch die richtigen zertifizierten Lieferanten an der Hand&#8230; aber sehen und h\u00f6ren sie selbst&#8230;<\/p>\n\n\n\n<p><strong>Grabmale G. Krenz GmbH bei &#8220;Kirche in Bayern&#8221; ein Video von Axel M\u00f6lkner-Kappl<\/strong><\/p>\n\n\n\n<figure><iframe loading=\"lazy\" src=\"\/\/www.youtube.com\/embed\/ffDkUi8jJK0\" allowfullscreen=\"allowfullscreen\" width=\"560\" height=\"315\" frameborder=\"0\"><\/iframe><\/figure>\n\n\n\n<hr class=\"wp-block-separator has-css-opacity\"\/>\n\n\n\n<p><strong>Neue B\u00e4nke f\u00fcr den Kinderhort St. Michael:<\/strong><\/p>\n\n\n<div class=\"wp-block-image\">\n<figure class=\"alignleft\"><a href=\"https:\/\/natursteine-krenz.de\/wp-content\/uploads\/2014\/05\/Baenke_Kinderhort.jpg\"><img loading=\"lazy\" decoding=\"async\" width=\"300\" height=\"225\" src=\"https:\/\/natursteine-krenz.de\/wp-content\/uploads\/2014\/05\/Baenke_Kinderhort-300x225.jpg\" alt=\"Baenke_Kinderhort\" class=\"wp-image-21\" srcset=\"https:\/\/natursteine-krenz.de\/wp-content\/uploads\/2014\/05\/Baenke_Kinderhort-300x225.jpg 300w, https:\/\/natursteine-krenz.de\/wp-content\/uploads\/2014\/05\/Baenke_Kinderhort-200x150.jpg 200w, https:\/\/natursteine-krenz.de\/wp-content\/uploads\/2014\/05\/Baenke_Kinderhort-150x112.jpg 150w, https:\/\/natursteine-krenz.de\/wp-content\/uploads\/2014\/05\/Baenke_Kinderhort.jpg 960w\" sizes=\"auto, (max-width: 300px) 100vw, 300px\" \/><\/a><\/figure>\n<\/div>\n\n\n<p class=\"has-small-font-size\">Unsere Firma fertigte in Zusammenarbeit mit den christlichen Pfadfindern F\u00fcrth; Stamm Franken, 2 B\u00e4nke aus Naturstein und stellte diese dem Kinderhort St. Michael kostenlos zur Verf\u00fcgung. Wir w\u00fcnschen viel Spa\u00df mit euren neuen B\u00e4nken.<\/p>\n\n\n\n<hr class=\"wp-block-separator has-css-opacity\"\/>\n\n\n\n<p><\/p>\n\n\n\n<p><\/p>\n\n\n\n<p><\/p>\n\n\n\n<p><strong>Ein Dino f\u00fcr die Kinderklinik:<\/strong><\/p>\n\n\n<div class=\"wp-block-image\">\n<figure class=\"alignleft\"><a href=\"http:\/\/www.natursteine-nuernberg.de\/Presseberichte\/main-echo2.pdf\" target=\"_blank\" rel=\"noopener noreferrer\"><img loading=\"lazy\" decoding=\"async\" width=\"278\" height=\"300\" src=\"https:\/\/natursteine-krenz.de\/wp-content\/uploads\/2014\/05\/Dino-278x300.jpg\" alt=\"Dino\" class=\"wp-image-9\" srcset=\"https:\/\/natursteine-krenz.de\/wp-content\/uploads\/2014\/05\/Dino-278x300.jpg 278w, https:\/\/natursteine-krenz.de\/wp-content\/uploads\/2014\/05\/Dino-949x1024.jpg 949w, https:\/\/natursteine-krenz.de\/wp-content\/uploads\/2014\/05\/Dino.jpg 1143w\" sizes=\"auto, (max-width: 278px) 100vw, 278px\" \/><\/a><\/figure>\n<\/div>\n\n\n<p class=\"has-small-font-size\">Zusammen mit 6 Kollegen, fertigten G\u00fcnther Gebsattel am Ende der Meisterschulzeit einen riesen Dinosaurier f\u00fcr die Kinderklinik Aschaffenburg. F\u00fcr den ganzen Bericht, einfach auf das Bild klicken.<\/p>\n\n\n\n<p><\/p>\n\n\n\n<p><\/p>\n\n\n\n<hr class=\"wp-block-separator has-css-opacity\"\/>\n\n\n\n<p><\/p>\n\n\n\n<p><\/p>\n\n\n\n<p><strong>Was Steine verraten&#8230;<\/strong><\/p>\n\n\n<div class=\"wp-block-image\">\n<figure class=\"alignleft\"><a href=\"http:\/\/www.natursteine-krenz.de\/Presseberichte\/WasSteineverraten.pdf\" target=\"_blank\" rel=\"noopener noreferrer\"><img loading=\"lazy\" decoding=\"async\" width=\"245\" height=\"300\" src=\"https:\/\/natursteine-krenz.de\/wp-content\/uploads\/2014\/05\/J\u00fcdischer-Friedhof-245x300.jpg\" alt=\"J\u00fcdischer Friedhof\" class=\"wp-image-11\" srcset=\"https:\/\/natursteine-krenz.de\/wp-content\/uploads\/2014\/05\/J\u00fcdischer-Friedhof-245x300.jpg 245w, https:\/\/natursteine-krenz.de\/wp-content\/uploads\/2014\/05\/J\u00fcdischer-Friedhof-838x1024.jpg 838w, https:\/\/natursteine-krenz.de\/wp-content\/uploads\/2014\/05\/J\u00fcdischer-Friedhof.jpg 1241w\" sizes=\"auto, (max-width: 245px) 100vw, 245px\" \/><\/a><\/figure>\n<\/div>\n\n\n<p><\/p>\n\n\n\n<p class=\"has-small-font-size\">W\u00e4hrend der Meisterschule, half Steinmetz und Bildhauermeister G\u00fcnther Gebsattel bei der Forschung nach Steinzeichen auf dem j\u00fcdischen Friedhof. Zum weiterlesen einfach auf das Bild klicken.<\/p>\n","protected":false},"excerpt":{"rendered":"<p>Kunden der Firma St\u00fcbinger werden seit 2009 und Kunden der Firma Grabmale Armin Popp (Westfriedhof) werden seit 2022 durch uns betreut. Auf den folgenden Seiten wollen wir Ihnen unseren kleinen Handwerksbetrieb, dessen Geschichte, unsere Arbeiten und das Steinmetzhandwerk etwas N\u00e4her bringen. Sollten Sie Fragen haben, so scheuen Sie sich nicht\u2026<\/p>\n<p class=\"continue-reading-button\"> <a class=\"continue-reading-link\" href=\"https:\/\/natursteine-krenz.de\/\">Continue reading<i class=\"crycon-right-dir\"><\/i><\/a><\/p>\n","protected":false},"author":1,"featured_media":0,"parent":0,"menu_order":0,"comment_status":"closed","ping_status":"open","template":"","meta":{"footnotes":""},"class_list":["post-2","page","type-page","status-publish","hentry","gallery-content-unit"],"yoast_head":"<!-- This site is optimized with the Yoast SEO plugin v26.9 - https:\/\/yoast.com\/product\/yoast-seo-wordpress\/ -->\n<title>Startseite - Natursteine &amp; Grabmale G. Krenz GmbH<\/title>\n<meta name=\"robots\" content=\"index, follow, max-snippet:-1, max-image-preview:large, max-video-preview:-1\" \/>\n<link rel=\"canonical\" href=\"https:\/\/natursteine-krenz.de\/\" \/>\n<meta property=\"og:locale\" content=\"de_DE\" \/>\n<meta property=\"og:type\" content=\"article\" \/>\n<meta property=\"og:title\" content=\"Startseite - Natursteine &amp; Grabmale G. Krenz GmbH\" \/>\n<meta property=\"og:description\" content=\"Kunden der Firma St\u00fcbinger werden seit 2009 und Kunden der Firma Grabmale Armin Popp (Westfriedhof) werden seit 2022 durch uns betreut. Auf den folgenden Seiten wollen wir Ihnen unseren kleinen Handwerksbetrieb, dessen Geschichte, unsere Arbeiten und das Steinmetzhandwerk etwas N\u00e4her bringen. Sollten Sie Fragen haben, so scheuen Sie sich nicht\u2026 Continue reading\" \/>\n<meta property=\"og:url\" content=\"https:\/\/natursteine-krenz.de\/\" \/>\n<meta property=\"og:site_name\" content=\"Natursteine &amp; Grabmale G. Krenz GmbH\" \/>\n<meta property=\"article:publisher\" content=\"https:\/\/www.facebook.com\/Natursteine-Grabmale-G-Krenz-GmbH-492980750825216\" \/>\n<meta property=\"article:modified_time\" content=\"2026-02-08T15:59:10+00:00\" \/>\n<meta property=\"og:image\" content=\"https:\/\/natursteine-krenz.de\/wp-content\/uploads\/2025\/03\/Kammersieg-Schreiben.jpg\" \/>\n\t<meta property=\"og:image:width\" content=\"497\" \/>\n\t<meta property=\"og:image:height\" content=\"323\" \/>\n\t<meta property=\"og:image:type\" content=\"image\/jpeg\" \/>\n<meta name=\"twitter:card\" content=\"summary_large_image\" \/>\n<meta name=\"twitter:label1\" content=\"Gesch\u00e4tzte Lesezeit\" \/>\n\t<meta name=\"twitter:data1\" content=\"5\u00a0Minuten\" \/>\n<script type=\"application\/ld+json\" class=\"yoast-schema-graph\">{\"@context\":\"https:\/\/schema.org\",\"@graph\":[{\"@type\":\"WebPage\",\"@id\":\"https:\/\/natursteine-krenz.de\/\",\"url\":\"https:\/\/natursteine-krenz.de\/\",\"name\":\"Startseite - Natursteine &amp; Grabmale G. Krenz GmbH\",\"isPartOf\":{\"@id\":\"https:\/\/natursteine-krenz.de\/#website\"},\"primaryImageOfPage\":{\"@id\":\"https:\/\/natursteine-krenz.de\/#primaryimage\"},\"image\":{\"@id\":\"https:\/\/natursteine-krenz.de\/#primaryimage\"},\"thumbnailUrl\":\"https:\/\/natursteine-krenz.de\/wp-content\/uploads\/2025\/03\/Kammersieg-Schreiben.jpg\",\"datePublished\":\"2014-05-09T04:35:09+00:00\",\"dateModified\":\"2026-02-08T15:59:10+00:00\",\"breadcrumb\":{\"@id\":\"https:\/\/natursteine-krenz.de\/#breadcrumb\"},\"inLanguage\":\"de\",\"potentialAction\":[{\"@type\":\"ReadAction\",\"target\":[\"https:\/\/natursteine-krenz.de\/\"]}]},{\"@type\":\"ImageObject\",\"inLanguage\":\"de\",\"@id\":\"https:\/\/natursteine-krenz.de\/#primaryimage\",\"url\":\"https:\/\/natursteine-krenz.de\/wp-content\/uploads\/2025\/03\/Kammersieg-Schreiben.jpg\",\"contentUrl\":\"https:\/\/natursteine-krenz.de\/wp-content\/uploads\/2025\/03\/Kammersieg-Schreiben.jpg\"},{\"@type\":\"BreadcrumbList\",\"@id\":\"https:\/\/natursteine-krenz.de\/#breadcrumb\",\"itemListElement\":[{\"@type\":\"ListItem\",\"position\":1,\"name\":\"Startseite\",\"item\":\"https:\/\/natursteine-krenz.de\/\"},{\"@type\":\"ListItem\",\"position\":2,\"name\":\"Startseite\"}]},{\"@type\":\"WebSite\",\"@id\":\"https:\/\/natursteine-krenz.de\/#website\",\"url\":\"https:\/\/natursteine-krenz.de\/\",\"name\":\"Natursteine &amp; Grabmale G. Krenz GmbH\",\"description\":\"Steinmetz und Bildhauer Meisterbetrieb\",\"publisher\":{\"@id\":\"https:\/\/natursteine-krenz.de\/#organization\"},\"potentialAction\":[{\"@type\":\"SearchAction\",\"target\":{\"@type\":\"EntryPoint\",\"urlTemplate\":\"https:\/\/natursteine-krenz.de\/?s={search_term_string}\"},\"query-input\":{\"@type\":\"PropertyValueSpecification\",\"valueRequired\":true,\"valueName\":\"search_term_string\"}}],\"inLanguage\":\"de\"},{\"@type\":\"Organization\",\"@id\":\"https:\/\/natursteine-krenz.de\/#organization\",\"name\":\"Natursteine und Grabmale G. Krenz GmbH\",\"url\":\"https:\/\/natursteine-krenz.de\/\",\"logo\":{\"@type\":\"ImageObject\",\"inLanguage\":\"de\",\"@id\":\"https:\/\/natursteine-krenz.de\/#\/schema\/logo\/image\/\",\"url\":\"https:\/\/natursteine-krenz.de\/wp-content\/uploads\/2022\/01\/2020-_-Firmenkarte-kleiner-Rand-scaled.jpg\",\"contentUrl\":\"https:\/\/natursteine-krenz.de\/wp-content\/uploads\/2022\/01\/2020-_-Firmenkarte-kleiner-Rand-scaled.jpg\",\"width\":2560,\"height\":1654,\"caption\":\"Natursteine und Grabmale G. Krenz GmbH\"},\"image\":{\"@id\":\"https:\/\/natursteine-krenz.de\/#\/schema\/logo\/image\/\"},\"sameAs\":[\"https:\/\/www.facebook.com\/Natursteine-Grabmale-G-Krenz-GmbH-492980750825216\"]}]}<\/script>\n<!-- \/ Yoast SEO plugin. -->","yoast_head_json":{"title":"Startseite - Natursteine &amp; Grabmale G. Krenz GmbH","robots":{"index":"index","follow":"follow","max-snippet":"max-snippet:-1","max-image-preview":"max-image-preview:large","max-video-preview":"max-video-preview:-1"},"canonical":"https:\/\/natursteine-krenz.de\/","og_locale":"de_DE","og_type":"article","og_title":"Startseite - Natursteine &amp; Grabmale G. Krenz GmbH","og_description":"Kunden der Firma St\u00fcbinger werden seit 2009 und Kunden der Firma Grabmale Armin Popp (Westfriedhof) werden seit 2022 durch uns betreut. Auf den folgenden Seiten wollen wir Ihnen unseren kleinen Handwerksbetrieb, dessen Geschichte, unsere Arbeiten und das Steinmetzhandwerk etwas N\u00e4her bringen. Sollten Sie Fragen haben, so scheuen Sie sich nicht\u2026 Continue reading","og_url":"https:\/\/natursteine-krenz.de\/","og_site_name":"Natursteine &amp; Grabmale G. Krenz GmbH","article_publisher":"https:\/\/www.facebook.com\/Natursteine-Grabmale-G-Krenz-GmbH-492980750825216","article_modified_time":"2026-02-08T15:59:10+00:00","og_image":[{"width":497,"height":323,"url":"https:\/\/natursteine-krenz.de\/wp-content\/uploads\/2025\/03\/Kammersieg-Schreiben.jpg","type":"image\/jpeg"}],"twitter_card":"summary_large_image","twitter_misc":{"Gesch\u00e4tzte Lesezeit":"5\u00a0Minuten"},"schema":{"@context":"https:\/\/schema.org","@graph":[{"@type":"WebPage","@id":"https:\/\/natursteine-krenz.de\/","url":"https:\/\/natursteine-krenz.de\/","name":"Startseite - Natursteine &amp; Grabmale G. Krenz GmbH","isPartOf":{"@id":"https:\/\/natursteine-krenz.de\/#website"},"primaryImageOfPage":{"@id":"https:\/\/natursteine-krenz.de\/#primaryimage"},"image":{"@id":"https:\/\/natursteine-krenz.de\/#primaryimage"},"thumbnailUrl":"https:\/\/natursteine-krenz.de\/wp-content\/uploads\/2025\/03\/Kammersieg-Schreiben.jpg","datePublished":"2014-05-09T04:35:09+00:00","dateModified":"2026-02-08T15:59:10+00:00","breadcrumb":{"@id":"https:\/\/natursteine-krenz.de\/#breadcrumb"},"inLanguage":"de","potentialAction":[{"@type":"ReadAction","target":["https:\/\/natursteine-krenz.de\/"]}]},{"@type":"ImageObject","inLanguage":"de","@id":"https:\/\/natursteine-krenz.de\/#primaryimage","url":"https:\/\/natursteine-krenz.de\/wp-content\/uploads\/2025\/03\/Kammersieg-Schreiben.jpg","contentUrl":"https:\/\/natursteine-krenz.de\/wp-content\/uploads\/2025\/03\/Kammersieg-Schreiben.jpg"},{"@type":"BreadcrumbList","@id":"https:\/\/natursteine-krenz.de\/#breadcrumb","itemListElement":[{"@type":"ListItem","position":1,"name":"Startseite","item":"https:\/\/natursteine-krenz.de\/"},{"@type":"ListItem","position":2,"name":"Startseite"}]},{"@type":"WebSite","@id":"https:\/\/natursteine-krenz.de\/#website","url":"https:\/\/natursteine-krenz.de\/","name":"Natursteine &amp; Grabmale G. Krenz GmbH","description":"Steinmetz und Bildhauer Meisterbetrieb","publisher":{"@id":"https:\/\/natursteine-krenz.de\/#organization"},"potentialAction":[{"@type":"SearchAction","target":{"@type":"EntryPoint","urlTemplate":"https:\/\/natursteine-krenz.de\/?s={search_term_string}"},"query-input":{"@type":"PropertyValueSpecification","valueRequired":true,"valueName":"search_term_string"}}],"inLanguage":"de"},{"@type":"Organization","@id":"https:\/\/natursteine-krenz.de\/#organization","name":"Natursteine und Grabmale G. Krenz GmbH","url":"https:\/\/natursteine-krenz.de\/","logo":{"@type":"ImageObject","inLanguage":"de","@id":"https:\/\/natursteine-krenz.de\/#\/schema\/logo\/image\/","url":"https:\/\/natursteine-krenz.de\/wp-content\/uploads\/2022\/01\/2020-_-Firmenkarte-kleiner-Rand-scaled.jpg","contentUrl":"https:\/\/natursteine-krenz.de\/wp-content\/uploads\/2022\/01\/2020-_-Firmenkarte-kleiner-Rand-scaled.jpg","width":2560,"height":1654,"caption":"Natursteine und Grabmale G. Krenz GmbH"},"image":{"@id":"https:\/\/natursteine-krenz.de\/#\/schema\/logo\/image\/"},"sameAs":["https:\/\/www.facebook.com\/Natursteine-Grabmale-G-Krenz-GmbH-492980750825216"]}]}},"_links":{"self":[{"href":"https:\/\/natursteine-krenz.de\/index.php?rest_route=\/wp\/v2\/pages\/2","targetHints":{"allow":["GET"]}}],"collection":[{"href":"https:\/\/natursteine-krenz.de\/index.php?rest_route=\/wp\/v2\/pages"}],"about":[{"href":"https:\/\/natursteine-krenz.de\/index.php?rest_route=\/wp\/v2\/types\/page"}],"author":[{"embeddable":true,"href":"https:\/\/natursteine-krenz.de\/index.php?rest_route=\/wp\/v2\/users\/1"}],"replies":[{"embeddable":true,"href":"https:\/\/natursteine-krenz.de\/index.php?rest_route=%2Fwp%2Fv2%2Fcomments&post=2"}],"version-history":[{"count":110,"href":"https:\/\/natursteine-krenz.de\/index.php?rest_route=\/wp\/v2\/pages\/2\/revisions"}],"predecessor-version":[{"id":607,"href":"https:\/\/natursteine-krenz.de\/index.php?rest_route=\/wp\/v2\/pages\/2\/revisions\/607"}],"wp:attachment":[{"href":"https:\/\/natursteine-krenz.de\/index.php?rest_route=%2Fwp%2Fv2%2Fmedia&parent=2"}],"curies":[{"name":"wp","href":"https:\/\/api.w.org\/{rel}","templated":true}]}}