{"id":28,"date":"2014-08-05T11:33:10","date_gmt":"2014-08-05T11:33:10","guid":{"rendered":"http:\/\/natursteine-krenz.de\/?page_id=28"},"modified":"2025-12-05T20:34:38","modified_gmt":"2025-12-05T20:34:38","slug":"wir-ueber-uns","status":"publish","type":"page","link":"https:\/\/natursteine-krenz.de\/?page_id=28","title":{"rendered":"Wir \u00fcber uns"},"content":{"rendered":"\n<p><strong>Hier lesen Sie eine kurze Chronologie der Firmen G. Krenz GmbH und St\u00fcbinger<\/strong><\/p>\n\n\n\n<ul class=\"wp-block-list\">\n<li><span style=\"color: #339966;\">1878<\/span> Gegr\u00fcndet als Steinmetzbetrieb in Gunzenhausen<\/li>\n\n\n\n<li><span style=\"color: #339966;\">1900<\/span> Nach N\u00fcrnberg \u00fcbersiedelt, gef\u00fchrt von\u00a0Fritz St\u00fcbinger<\/li>\n\n\n\n<li><span style=\"color: #339966;\">1945<\/span> Vom Sohn Friedrich St\u00fcbinger \u00fcbernommen\u00a0und weitergef\u00fchrt<\/li>\n\n\n\n<li><span style=\"color: #339966;\">1972<\/span> \u00dcbergabe an Sohn Theo St\u00fcbinger, dieser\u00a0f\u00fchrte die Firma bis 2009<\/li>\n\n\n\n<li><span style=\"color: #339966;\">1990<\/span> Die Firma Krenz wurde zus\u00e4tzlich\u00a0Eingegliedert<\/li>\n\n\n\n<li><span style=\"color: #339966;\">2009<\/span> Die Firma geht in das Eigentum von Herrn G\u00fcnther Gebsattel \u00fcber. Die\u00a0Einzelunternehmung St\u00fcbinger geht in die\u00a0Krenz GmbH auf<\/li>\n<\/ul>\n\n\n<div class=\"wp-block-image\">\n<figure class=\"alignleft\"><a href=\"https:\/\/natursteine-krenz.de\/wp-content\/uploads\/2014\/08\/Meisterbrief_G\u00fcnther_Gebsattel.jpg\"><img loading=\"lazy\" decoding=\"async\" width=\"219\" height=\"300\" src=\"https:\/\/natursteine-krenz.de\/wp-content\/uploads\/2014\/08\/Meisterbrief_G\u00fcnther_Gebsattel-219x300.jpg\" alt=\"Meisterbrief_G\u00fcnther_Gebsattel\" class=\"wp-image-30\" srcset=\"https:\/\/natursteine-krenz.de\/wp-content\/uploads\/2014\/08\/Meisterbrief_G\u00fcnther_Gebsattel-219x300.jpg 219w, https:\/\/natursteine-krenz.de\/wp-content\/uploads\/2014\/08\/Meisterbrief_G\u00fcnther_Gebsattel-750x1024.jpg 750w, https:\/\/natursteine-krenz.de\/wp-content\/uploads\/2014\/08\/Meisterbrief_G\u00fcnther_Gebsattel-109x150.jpg 109w\" sizes=\"auto, (max-width: 219px) 100vw, 219px\" \/><\/a><\/figure>\n<\/div>\n\n\n<p>Der jetzige Inhaber, G\u00fcnther Gebsattel, ist seit <span style=\"color: #339966;\">1997<\/span> im Betrieb. Er hat als Lehrling bei der Firma Krenz begonnen.<\/p>\n\n\n\n<ul class=\"wp-block-list\">\n<li><span style=\"color: #339966;\">2000<\/span> erfolgreiche Gesellenpr\u00fcfung im Steinmetzhandwerk vor der Pr\u00fcfungskommission der HWK f\u00fcr Oberfranken.<\/li>\n\n\n\n<li><span style=\"color: #339966;\">2005<\/span> Weiterbildung zum Technischen Fachwirt HWK und gelungene Ausbilder Eignungspr\u00fcfung.<\/li>\n\n\n\n<li><span style=\"color: #339966;\">2007 \u2013 2008<\/span> Meisterschule Aschaffenburg mit erfolgreicher Pr\u00fcfung als Steinmetz und Bildhauermeister vor der HWK Unterfranken.<\/li>\n<\/ul>\n\n\n<div class=\"wp-block-image\">\n<figure class=\"alignright\"><a href=\"https:\/\/natursteine-krenz.de\/wp-content\/uploads\/2014\/08\/IMG_2006.jpg\"><img loading=\"lazy\" decoding=\"async\" width=\"300\" height=\"225\" src=\"https:\/\/natursteine-krenz.de\/wp-content\/uploads\/2014\/08\/IMG_2006-300x225.jpg\" alt=\"Meisterst\u00fcck und Entwurf von G\u00fcnther Gebsattel\" class=\"wp-image-31\" srcset=\"https:\/\/natursteine-krenz.de\/wp-content\/uploads\/2014\/08\/IMG_2006-300x225.jpg 300w, https:\/\/natursteine-krenz.de\/wp-content\/uploads\/2014\/08\/IMG_2006-1024x768.jpg 1024w, https:\/\/natursteine-krenz.de\/wp-content\/uploads\/2014\/08\/IMG_2006-200x150.jpg 200w, https:\/\/natursteine-krenz.de\/wp-content\/uploads\/2014\/08\/IMG_2006-150x112.jpg 150w, https:\/\/natursteine-krenz.de\/wp-content\/uploads\/2014\/08\/IMG_2006.jpg 1600w\" sizes=\"auto, (max-width: 300px) 100vw, 300px\" \/><\/a><\/figure>\n<\/div>\n\n\n<p><\/p>\n\n\n\n<p>Seit M\u00e4rz <span style=\"color: #339966;\">2009<\/span> Inhaber und Gesch\u00e4ftsf\u00fchrer der Grabmale Krenz GmbH mit sitz in N\u00fcrnberg.<\/p>\n\n\n\n<p><\/p>\n\n\n\n<p><\/p>\n\n\n\n<p><span style=\"color: #339966;\">2016<\/span> ist Frau Melanie Herzog-Gebsattel in den Familienbetrieb mit eingestiegen und absolvierte eine Ausbildung zur Steinbildhauerin, welche Sie <strong>2019<\/strong> als Jahrgangsbeste im Kammerbezirk abschloss. Seitdem entwirft und gestaltet sie handwerklich hochwertige individuelle Grabdenkm\u00e4ler und Urnengemeinschaftsanlagen f\u00fcr verschiedene Friedh\u00f6fe. Au\u00dferdem \u00fcbernahm sie die Ausbildung im Bildhauerisch \/ gestalterischen Bereich unserer Auszubildenden.<\/p>\n\n\n\n<figure class=\"wp-block-image\"><a href=\"https:\/\/natursteine-krenz.de\/wp-content\/uploads\/2014\/08\/002-e1504291588118.jpg\"><img loading=\"lazy\" decoding=\"async\" width=\"225\" height=\"300\" src=\"https:\/\/natursteine-krenz.de\/wp-content\/uploads\/2014\/08\/002-e1504291588118-225x300.jpg\" alt=\"\" class=\"wp-image-294\" srcset=\"https:\/\/natursteine-krenz.de\/wp-content\/uploads\/2014\/08\/002-e1504291588118-225x300.jpg 225w, https:\/\/natursteine-krenz.de\/wp-content\/uploads\/2014\/08\/002-e1504291588118-768x1024.jpg 768w, https:\/\/natursteine-krenz.de\/wp-content\/uploads\/2014\/08\/002-e1504291588118-300x400.jpg 300w, https:\/\/natursteine-krenz.de\/wp-content\/uploads\/2014\/08\/002-e1504291588118-938x1251.jpg 938w, https:\/\/natursteine-krenz.de\/wp-content\/uploads\/2014\/08\/002-e1504291588118-1309x1745.jpg 1309w\" sizes=\"auto, (max-width: 225px) 100vw, 225px\" \/><\/a><\/figure>\n\n\n\n<p><\/p>\n\n\n\n<p class=\"has-black-color has-text-color has-medium-font-size\"><strong>2022<\/strong> wurde die Firma Grabmale Armin Popp am N\u00fcrnberger Westfriedhof durch die G. Krenz GmbH \u00fcbernommen. Die Werkstattleitung \u00fcbernahm Frau Melanie Herzog-Gebsattel.<\/p>\n","protected":false},"excerpt":{"rendered":"<p>Hier lesen Sie eine kurze Chronologie der Firmen G. Krenz GmbH und St\u00fcbinger Der jetzige Inhaber, G\u00fcnther Gebsattel, ist seit 1997 im Betrieb. Er hat als Lehrling bei der Firma Krenz begonnen. Seit M\u00e4rz 2009 Inhaber und Gesch\u00e4ftsf\u00fchrer der Grabmale Krenz GmbH mit sitz in N\u00fcrnberg. 2016 ist Frau Melanie\u2026<\/p>\n<p class=\"continue-reading-button\"> <a class=\"continue-reading-link\" href=\"https:\/\/natursteine-krenz.de\/?page_id=28\">Continue reading<i class=\"crycon-right-dir\"><\/i><\/a><\/p>\n","protected":false},"author":1,"featured_media":0,"parent":0,"menu_order":0,"comment_status":"closed","ping_status":"open","template":"","meta":{"footnotes":""},"class_list":["post-28","page","type-page","status-publish","hentry","gallery-content-unit"],"yoast_head":"<!-- This site is optimized with the Yoast SEO plugin v26.9 - https:\/\/yoast.com\/product\/yoast-seo-wordpress\/ -->\n<title>Wir \u00fcber uns - Natursteine &amp; Grabmale G. Krenz GmbH<\/title>\n<meta name=\"robots\" content=\"index, follow, max-snippet:-1, max-image-preview:large, max-video-preview:-1\" \/>\n<link rel=\"canonical\" href=\"https:\/\/natursteine-krenz.de\/?page_id=28\" \/>\n<meta property=\"og:locale\" content=\"de_DE\" \/>\n<meta property=\"og:type\" content=\"article\" \/>\n<meta property=\"og:title\" content=\"Wir \u00fcber uns - Natursteine &amp; Grabmale G. Krenz GmbH\" \/>\n<meta property=\"og:description\" content=\"Hier lesen Sie eine kurze Chronologie der Firmen G. Krenz GmbH und St\u00fcbinger Der jetzige Inhaber, G\u00fcnther Gebsattel, ist seit 1997 im Betrieb. Er hat als Lehrling bei der Firma Krenz begonnen. Seit M\u00e4rz 2009 Inhaber und Gesch\u00e4ftsf\u00fchrer der Grabmale Krenz GmbH mit sitz in N\u00fcrnberg. 2016 ist Frau Melanie\u2026 Continue reading\" \/>\n<meta property=\"og:url\" content=\"https:\/\/natursteine-krenz.de\/?page_id=28\" \/>\n<meta property=\"og:site_name\" content=\"Natursteine &amp; Grabmale G. Krenz GmbH\" \/>\n<meta property=\"article:publisher\" content=\"https:\/\/www.facebook.com\/Natursteine-Grabmale-G-Krenz-GmbH-492980750825216\" \/>\n<meta property=\"article:modified_time\" content=\"2025-12-05T20:34:38+00:00\" \/>\n<meta property=\"og:image\" content=\"http:\/\/natursteine-krenz.de\/wp-content\/uploads\/2014\/08\/IMG_2006-300x225.jpg\" \/>\n<meta name=\"twitter:card\" content=\"summary_large_image\" \/>\n<meta name=\"twitter:label1\" content=\"Gesch\u00e4tzte Lesezeit\" \/>\n\t<meta name=\"twitter:data1\" content=\"2\u00a0Minuten\" \/>\n<script type=\"application\/ld+json\" class=\"yoast-schema-graph\">{\"@context\":\"https:\/\/schema.org\",\"@graph\":[{\"@type\":\"WebPage\",\"@id\":\"https:\/\/natursteine-krenz.de\/?page_id=28\",\"url\":\"https:\/\/natursteine-krenz.de\/?page_id=28\",\"name\":\"Wir \u00fcber uns - Natursteine &amp; Grabmale G. Krenz GmbH\",\"isPartOf\":{\"@id\":\"https:\/\/natursteine-krenz.de\/#website\"},\"primaryImageOfPage\":{\"@id\":\"https:\/\/natursteine-krenz.de\/?page_id=28#primaryimage\"},\"image\":{\"@id\":\"https:\/\/natursteine-krenz.de\/?page_id=28#primaryimage\"},\"thumbnailUrl\":\"http:\/\/natursteine-krenz.de\/wp-content\/uploads\/2014\/08\/IMG_2006-300x225.jpg\",\"datePublished\":\"2014-08-05T11:33:10+00:00\",\"dateModified\":\"2025-12-05T20:34:38+00:00\",\"breadcrumb\":{\"@id\":\"https:\/\/natursteine-krenz.de\/?page_id=28#breadcrumb\"},\"inLanguage\":\"de\",\"potentialAction\":[{\"@type\":\"ReadAction\",\"target\":[\"https:\/\/natursteine-krenz.de\/?page_id=28\"]}]},{\"@type\":\"ImageObject\",\"inLanguage\":\"de\",\"@id\":\"https:\/\/natursteine-krenz.de\/?page_id=28#primaryimage\",\"url\":\"http:\/\/natursteine-krenz.de\/wp-content\/uploads\/2014\/08\/IMG_2006-300x225.jpg\",\"contentUrl\":\"http:\/\/natursteine-krenz.de\/wp-content\/uploads\/2014\/08\/IMG_2006-300x225.jpg\"},{\"@type\":\"BreadcrumbList\",\"@id\":\"https:\/\/natursteine-krenz.de\/?page_id=28#breadcrumb\",\"itemListElement\":[{\"@type\":\"ListItem\",\"position\":1,\"name\":\"Startseite\",\"item\":\"https:\/\/natursteine-krenz.de\/\"},{\"@type\":\"ListItem\",\"position\":2,\"name\":\"Wir \u00fcber uns\"}]},{\"@type\":\"WebSite\",\"@id\":\"https:\/\/natursteine-krenz.de\/#website\",\"url\":\"https:\/\/natursteine-krenz.de\/\",\"name\":\"Natursteine &amp; Grabmale G. Krenz GmbH\",\"description\":\"Steinmetz und Bildhauer Meisterbetrieb\",\"publisher\":{\"@id\":\"https:\/\/natursteine-krenz.de\/#organization\"},\"potentialAction\":[{\"@type\":\"SearchAction\",\"target\":{\"@type\":\"EntryPoint\",\"urlTemplate\":\"https:\/\/natursteine-krenz.de\/?s={search_term_string}\"},\"query-input\":{\"@type\":\"PropertyValueSpecification\",\"valueRequired\":true,\"valueName\":\"search_term_string\"}}],\"inLanguage\":\"de\"},{\"@type\":\"Organization\",\"@id\":\"https:\/\/natursteine-krenz.de\/#organization\",\"name\":\"Natursteine und Grabmale G. Krenz GmbH\",\"url\":\"https:\/\/natursteine-krenz.de\/\",\"logo\":{\"@type\":\"ImageObject\",\"inLanguage\":\"de\",\"@id\":\"https:\/\/natursteine-krenz.de\/#\/schema\/logo\/image\/\",\"url\":\"https:\/\/natursteine-krenz.de\/wp-content\/uploads\/2022\/01\/2020-_-Firmenkarte-kleiner-Rand-scaled.jpg\",\"contentUrl\":\"https:\/\/natursteine-krenz.de\/wp-content\/uploads\/2022\/01\/2020-_-Firmenkarte-kleiner-Rand-scaled.jpg\",\"width\":2560,\"height\":1654,\"caption\":\"Natursteine und Grabmale G. Krenz GmbH\"},\"image\":{\"@id\":\"https:\/\/natursteine-krenz.de\/#\/schema\/logo\/image\/\"},\"sameAs\":[\"https:\/\/www.facebook.com\/Natursteine-Grabmale-G-Krenz-GmbH-492980750825216\"]}]}<\/script>\n<!-- \/ Yoast SEO plugin. -->","yoast_head_json":{"title":"Wir \u00fcber uns - Natursteine &amp; Grabmale G. Krenz GmbH","robots":{"index":"index","follow":"follow","max-snippet":"max-snippet:-1","max-image-preview":"max-image-preview:large","max-video-preview":"max-video-preview:-1"},"canonical":"https:\/\/natursteine-krenz.de\/?page_id=28","og_locale":"de_DE","og_type":"article","og_title":"Wir \u00fcber uns - Natursteine &amp; Grabmale G. Krenz GmbH","og_description":"Hier lesen Sie eine kurze Chronologie der Firmen G. Krenz GmbH und St\u00fcbinger Der jetzige Inhaber, G\u00fcnther Gebsattel, ist seit 1997 im Betrieb. Er hat als Lehrling bei der Firma Krenz begonnen. Seit M\u00e4rz 2009 Inhaber und Gesch\u00e4ftsf\u00fchrer der Grabmale Krenz GmbH mit sitz in N\u00fcrnberg. 2016 ist Frau Melanie\u2026 Continue reading","og_url":"https:\/\/natursteine-krenz.de\/?page_id=28","og_site_name":"Natursteine &amp; Grabmale G. Krenz GmbH","article_publisher":"https:\/\/www.facebook.com\/Natursteine-Grabmale-G-Krenz-GmbH-492980750825216","article_modified_time":"2025-12-05T20:34:38+00:00","og_image":[{"url":"http:\/\/natursteine-krenz.de\/wp-content\/uploads\/2014\/08\/IMG_2006-300x225.jpg","type":"","width":"","height":""}],"twitter_card":"summary_large_image","twitter_misc":{"Gesch\u00e4tzte Lesezeit":"2\u00a0Minuten"},"schema":{"@context":"https:\/\/schema.org","@graph":[{"@type":"WebPage","@id":"https:\/\/natursteine-krenz.de\/?page_id=28","url":"https:\/\/natursteine-krenz.de\/?page_id=28","name":"Wir \u00fcber uns - Natursteine &amp; Grabmale G. Krenz GmbH","isPartOf":{"@id":"https:\/\/natursteine-krenz.de\/#website"},"primaryImageOfPage":{"@id":"https:\/\/natursteine-krenz.de\/?page_id=28#primaryimage"},"image":{"@id":"https:\/\/natursteine-krenz.de\/?page_id=28#primaryimage"},"thumbnailUrl":"http:\/\/natursteine-krenz.de\/wp-content\/uploads\/2014\/08\/IMG_2006-300x225.jpg","datePublished":"2014-08-05T11:33:10+00:00","dateModified":"2025-12-05T20:34:38+00:00","breadcrumb":{"@id":"https:\/\/natursteine-krenz.de\/?page_id=28#breadcrumb"},"inLanguage":"de","potentialAction":[{"@type":"ReadAction","target":["https:\/\/natursteine-krenz.de\/?page_id=28"]}]},{"@type":"ImageObject","inLanguage":"de","@id":"https:\/\/natursteine-krenz.de\/?page_id=28#primaryimage","url":"http:\/\/natursteine-krenz.de\/wp-content\/uploads\/2014\/08\/IMG_2006-300x225.jpg","contentUrl":"http:\/\/natursteine-krenz.de\/wp-content\/uploads\/2014\/08\/IMG_2006-300x225.jpg"},{"@type":"BreadcrumbList","@id":"https:\/\/natursteine-krenz.de\/?page_id=28#breadcrumb","itemListElement":[{"@type":"ListItem","position":1,"name":"Startseite","item":"https:\/\/natursteine-krenz.de\/"},{"@type":"ListItem","position":2,"name":"Wir \u00fcber uns"}]},{"@type":"WebSite","@id":"https:\/\/natursteine-krenz.de\/#website","url":"https:\/\/natursteine-krenz.de\/","name":"Natursteine &amp; Grabmale G. Krenz GmbH","description":"Steinmetz und Bildhauer Meisterbetrieb","publisher":{"@id":"https:\/\/natursteine-krenz.de\/#organization"},"potentialAction":[{"@type":"SearchAction","target":{"@type":"EntryPoint","urlTemplate":"https:\/\/natursteine-krenz.de\/?s={search_term_string}"},"query-input":{"@type":"PropertyValueSpecification","valueRequired":true,"valueName":"search_term_string"}}],"inLanguage":"de"},{"@type":"Organization","@id":"https:\/\/natursteine-krenz.de\/#organization","name":"Natursteine und Grabmale G. Krenz GmbH","url":"https:\/\/natursteine-krenz.de\/","logo":{"@type":"ImageObject","inLanguage":"de","@id":"https:\/\/natursteine-krenz.de\/#\/schema\/logo\/image\/","url":"https:\/\/natursteine-krenz.de\/wp-content\/uploads\/2022\/01\/2020-_-Firmenkarte-kleiner-Rand-scaled.jpg","contentUrl":"https:\/\/natursteine-krenz.de\/wp-content\/uploads\/2022\/01\/2020-_-Firmenkarte-kleiner-Rand-scaled.jpg","width":2560,"height":1654,"caption":"Natursteine und Grabmale G. Krenz GmbH"},"image":{"@id":"https:\/\/natursteine-krenz.de\/#\/schema\/logo\/image\/"},"sameAs":["https:\/\/www.facebook.com\/Natursteine-Grabmale-G-Krenz-GmbH-492980750825216"]}]}},"_links":{"self":[{"href":"https:\/\/natursteine-krenz.de\/index.php?rest_route=\/wp\/v2\/pages\/28","targetHints":{"allow":["GET"]}}],"collection":[{"href":"https:\/\/natursteine-krenz.de\/index.php?rest_route=\/wp\/v2\/pages"}],"about":[{"href":"https:\/\/natursteine-krenz.de\/index.php?rest_route=\/wp\/v2\/types\/page"}],"author":[{"embeddable":true,"href":"https:\/\/natursteine-krenz.de\/index.php?rest_route=\/wp\/v2\/users\/1"}],"replies":[{"embeddable":true,"href":"https:\/\/natursteine-krenz.de\/index.php?rest_route=%2Fwp%2Fv2%2Fcomments&post=28"}],"version-history":[{"count":12,"href":"https:\/\/natursteine-krenz.de\/index.php?rest_route=\/wp\/v2\/pages\/28\/revisions"}],"predecessor-version":[{"id":572,"href":"https:\/\/natursteine-krenz.de\/index.php?rest_route=\/wp\/v2\/pages\/28\/revisions\/572"}],"wp:attachment":[{"href":"https:\/\/natursteine-krenz.de\/index.php?rest_route=%2Fwp%2Fv2%2Fmedia&parent=28"}],"curies":[{"name":"wp","href":"https:\/\/api.w.org\/{rel}","templated":true}]}}