{"id":91,"date":"2014-08-05T13:34:02","date_gmt":"2014-08-05T13:34:02","guid":{"rendered":"http:\/\/natursteine-krenz.de\/?page_id=91"},"modified":"2014-08-05T14:03:53","modified_gmt":"2014-08-05T14:03:53","slug":"der-steinmetz","status":"publish","type":"page","link":"https:\/\/natursteine-krenz.de\/?page_id=91","title":{"rendered":"Der Steinmetz"},"content":{"rendered":"<blockquote>\n<p style=\"text-align: center;\">Kannst du nicht Dombaumeister sein, dann hau als Steinmetz deinen Stein. Fehlt dir auch dazu Geschick und Verstand, so trage M\u00f6rtel herbei und Sand<\/p>\n<\/blockquote>\n<p>v. H. Baumbach<\/p>\n<hr \/>\n<h3><strong>Steinmetztradition und deren Pflege<\/strong><\/h3>\n<p>&nbsp;<\/p>\n<p><strong>Steinmetztradition<\/strong><br \/>\nViele der Steinmetztraditionen gehen auf die Bauh\u00fctten und Steinmetzbruderschaften des Mittelalters zur\u00fcck. Die Bauh\u00fctte war die kirchliche Gro\u00df-Baustelle vor Ort und die Steinmetzbruderschaft die \u00fcberregionale Organisation der Bauh\u00fctten-Steinmetzen. Beide Organisationen sind von der Zunft, einer Organisation nur von Handwerksmeistern, und der Gilde, einer Organisation von Kaufleuten, zu unterscheiden.<\/p>\n<p><strong>Steinmetztraditionspflege<\/strong><br \/>\nDie Steinmetzen sind im heutigen Handwerk eine der wenigen Berufsgruppen, die ihre Traditionen pflegen. Eine einheitliche Zunftkleidung gibt es zwar nicht, dennoch legt ein Teil der Besch\u00e4ftigten Wert darauf, die blaue Sch\u00fcrze zu tragen, ein altes Berufs-Erkennungszeichen der Steinmetzen und Steinbildhauer.<\/p>\n<p>Tradierte Rudimente aus dem Mittelalter finden sich in den Steinmetzbetrieben wieder: Ein Steinmetz wird entsprechend der \u00fcberkommenen Tradition mit \u201eangesprochen\u201c zur kollegialen Mithilfe aufgefordert. Nach Beendigung der Hilfe wird er mit einem \u201ebedankt\u201c verabschiedet.<\/p>\n<p>Einen Werkstein, der beim Arbeiten missgl\u00fcckt, nennen Steinmetzen wie im Mittelalter einen Bernhard oder Totenbernhard, der im Mittelalter mit einer Beerdigungsprozession ritualisiert auf dem Kirchhof begraben wurde. Heute gibt es f\u00fcr missgl\u00fcckte Werkst\u00fccke das Gesp\u00f6tt der Berufskollegen. Neben Steinmetzbauh\u00fctten, wie z. B. neben der Dombauh\u00fctte Regensburg, gibt es oft seltsam verwilderte Ecken, in welchen halb begrabene Werksteine aus der Erde ragen.<\/p>\n<p>Eine besondere Form der Traditionspflege praktizieren einige junge Steinmetzen, die wie fr\u00fcher als Wanderburschen in Europa und neuerdings auch nach \u00dcbersee unterwegs sind.<\/p>\n<p>&nbsp;<\/p>\n<p><strong>Steinmetzzeichen<\/strong><\/p>\n<p>Das Steinmetzzeichen ist ein meist geometrisches oder ornamentales, \u00fcberwiegend monogrammatisches Zeichen als pers\u00f6nliches Signum eines Steinmetzen, das im Mittelalter die Abrechnung von Steinmetzarbeiten erleichterte oder auch als ein pers\u00f6nliches G\u00fctezeichen verwendet wurde.<\/p>\n<p>Steinmetzzeichen kamen in den Hochkulturen und in der Antike vor, wurden aber erst in sp\u00e4tromanischer Zeit allgemein gebr\u00e4uchlich. In der Gotik f\u00fchrte jeder Steinmetz als Angeh\u00f6riger einer Bauh\u00fctte ein pers\u00f6nliches Steinmetzzeichen. Diese Zeichen sind an die Zeichen der Bauh\u00fctte angelehnt und unterschieden sich nur geringf\u00fcgig von ihnen. Die Steinmetzzeichen haben Bez\u00fcge zu geometrischen Konstruktionen, wie Triangulatur, Dreipass, Quadratur und Vierpass. Vor allem bei sp\u00e4tgotischen Bauten tragen oftmals sehr viele Werksteine, insbesondere kompliziertere Werkst\u00fccke, ein Zeichen. Die leitenden Meister brachten ihr Zeichen, das sogenannte Meisterzeichen, in einem Wappenschild an.<\/p>\n<p>Das Steinmetzzeichen wird noch heute bei manchen traditionell orientierten Innungen (zum Beispiel in Hessen) bei Gesellenfreisprechungsfeiern \u00fcbergeben<\/p>\n<h6>Quelle: Wikipedia<\/h6>\n","protected":false},"excerpt":{"rendered":"<p>Kannst du nicht Dombaumeister sein, dann hau als Steinmetz deinen Stein. Fehlt dir auch dazu Geschick und Verstand, so trage M\u00f6rtel herbei und Sand v. H. Baumbach Steinmetztradition und deren Pflege &nbsp; Steinmetztradition Viele der Steinmetztraditionen gehen auf die Bauh\u00fctten und Steinmetzbruderschaften des Mittelalters zur\u00fcck. Die Bauh\u00fctte war die kirchliche\u2026<\/p>\n<p class=\"continue-reading-button\"> <a class=\"continue-reading-link\" href=\"https:\/\/natursteine-krenz.de\/?page_id=91\">Continue reading<i class=\"crycon-right-dir\"><\/i><\/a><\/p>\n","protected":false},"author":1,"featured_media":0,"parent":0,"menu_order":0,"comment_status":"closed","ping_status":"open","template":"","meta":{"footnotes":""},"class_list":["post-91","page","type-page","status-publish","hentry","gallery-content-unit"],"yoast_head":"<!-- This site is optimized with the Yoast SEO plugin v26.9 - https:\/\/yoast.com\/product\/yoast-seo-wordpress\/ -->\n<title>Der Steinmetz - Natursteine &amp; Grabmale G. Krenz GmbH<\/title>\n<meta name=\"robots\" content=\"index, follow, max-snippet:-1, max-image-preview:large, max-video-preview:-1\" \/>\n<link rel=\"canonical\" href=\"https:\/\/natursteine-krenz.de\/?page_id=91\" \/>\n<meta property=\"og:locale\" content=\"de_DE\" \/>\n<meta property=\"og:type\" content=\"article\" \/>\n<meta property=\"og:title\" content=\"Der Steinmetz - Natursteine &amp; Grabmale G. Krenz GmbH\" \/>\n<meta property=\"og:description\" content=\"Kannst du nicht Dombaumeister sein, dann hau als Steinmetz deinen Stein. Fehlt dir auch dazu Geschick und Verstand, so trage M\u00f6rtel herbei und Sand v. H. Baumbach Steinmetztradition und deren Pflege &nbsp; Steinmetztradition Viele der Steinmetztraditionen gehen auf die Bauh\u00fctten und Steinmetzbruderschaften des Mittelalters zur\u00fcck. Die Bauh\u00fctte war die kirchliche\u2026 Continue reading\" \/>\n<meta property=\"og:url\" content=\"https:\/\/natursteine-krenz.de\/?page_id=91\" \/>\n<meta property=\"og:site_name\" content=\"Natursteine &amp; Grabmale G. Krenz GmbH\" \/>\n<meta property=\"article:publisher\" content=\"https:\/\/www.facebook.com\/Natursteine-Grabmale-G-Krenz-GmbH-492980750825216\" \/>\n<meta property=\"article:modified_time\" content=\"2014-08-05T14:03:53+00:00\" \/>\n<meta name=\"twitter:card\" content=\"summary_large_image\" \/>\n<meta name=\"twitter:label1\" content=\"Gesch\u00e4tzte Lesezeit\" \/>\n\t<meta name=\"twitter:data1\" content=\"2\u00a0Minuten\" \/>\n<script type=\"application\/ld+json\" class=\"yoast-schema-graph\">{\"@context\":\"https:\/\/schema.org\",\"@graph\":[{\"@type\":\"WebPage\",\"@id\":\"https:\/\/natursteine-krenz.de\/?page_id=91\",\"url\":\"https:\/\/natursteine-krenz.de\/?page_id=91\",\"name\":\"Der Steinmetz - Natursteine &amp; Grabmale G. Krenz GmbH\",\"isPartOf\":{\"@id\":\"https:\/\/natursteine-krenz.de\/#website\"},\"datePublished\":\"2014-08-05T13:34:02+00:00\",\"dateModified\":\"2014-08-05T14:03:53+00:00\",\"breadcrumb\":{\"@id\":\"https:\/\/natursteine-krenz.de\/?page_id=91#breadcrumb\"},\"inLanguage\":\"de\",\"potentialAction\":[{\"@type\":\"ReadAction\",\"target\":[\"https:\/\/natursteine-krenz.de\/?page_id=91\"]}]},{\"@type\":\"BreadcrumbList\",\"@id\":\"https:\/\/natursteine-krenz.de\/?page_id=91#breadcrumb\",\"itemListElement\":[{\"@type\":\"ListItem\",\"position\":1,\"name\":\"Startseite\",\"item\":\"https:\/\/natursteine-krenz.de\/\"},{\"@type\":\"ListItem\",\"position\":2,\"name\":\"Der Steinmetz\"}]},{\"@type\":\"WebSite\",\"@id\":\"https:\/\/natursteine-krenz.de\/#website\",\"url\":\"https:\/\/natursteine-krenz.de\/\",\"name\":\"Natursteine &amp; Grabmale G. Krenz GmbH\",\"description\":\"Steinmetz und Bildhauer Meisterbetrieb\",\"publisher\":{\"@id\":\"https:\/\/natursteine-krenz.de\/#organization\"},\"potentialAction\":[{\"@type\":\"SearchAction\",\"target\":{\"@type\":\"EntryPoint\",\"urlTemplate\":\"https:\/\/natursteine-krenz.de\/?s={search_term_string}\"},\"query-input\":{\"@type\":\"PropertyValueSpecification\",\"valueRequired\":true,\"valueName\":\"search_term_string\"}}],\"inLanguage\":\"de\"},{\"@type\":\"Organization\",\"@id\":\"https:\/\/natursteine-krenz.de\/#organization\",\"name\":\"Natursteine und Grabmale G. Krenz GmbH\",\"url\":\"https:\/\/natursteine-krenz.de\/\",\"logo\":{\"@type\":\"ImageObject\",\"inLanguage\":\"de\",\"@id\":\"https:\/\/natursteine-krenz.de\/#\/schema\/logo\/image\/\",\"url\":\"https:\/\/natursteine-krenz.de\/wp-content\/uploads\/2022\/01\/2020-_-Firmenkarte-kleiner-Rand-scaled.jpg\",\"contentUrl\":\"https:\/\/natursteine-krenz.de\/wp-content\/uploads\/2022\/01\/2020-_-Firmenkarte-kleiner-Rand-scaled.jpg\",\"width\":2560,\"height\":1654,\"caption\":\"Natursteine und Grabmale G. Krenz GmbH\"},\"image\":{\"@id\":\"https:\/\/natursteine-krenz.de\/#\/schema\/logo\/image\/\"},\"sameAs\":[\"https:\/\/www.facebook.com\/Natursteine-Grabmale-G-Krenz-GmbH-492980750825216\"]}]}<\/script>\n<!-- \/ Yoast SEO plugin. -->","yoast_head_json":{"title":"Der Steinmetz - Natursteine &amp; Grabmale G. Krenz GmbH","robots":{"index":"index","follow":"follow","max-snippet":"max-snippet:-1","max-image-preview":"max-image-preview:large","max-video-preview":"max-video-preview:-1"},"canonical":"https:\/\/natursteine-krenz.de\/?page_id=91","og_locale":"de_DE","og_type":"article","og_title":"Der Steinmetz - Natursteine &amp; Grabmale G. Krenz GmbH","og_description":"Kannst du nicht Dombaumeister sein, dann hau als Steinmetz deinen Stein. Fehlt dir auch dazu Geschick und Verstand, so trage M\u00f6rtel herbei und Sand v. H. Baumbach Steinmetztradition und deren Pflege &nbsp; Steinmetztradition Viele der Steinmetztraditionen gehen auf die Bauh\u00fctten und Steinmetzbruderschaften des Mittelalters zur\u00fcck. Die Bauh\u00fctte war die kirchliche\u2026 Continue reading","og_url":"https:\/\/natursteine-krenz.de\/?page_id=91","og_site_name":"Natursteine &amp; Grabmale G. Krenz GmbH","article_publisher":"https:\/\/www.facebook.com\/Natursteine-Grabmale-G-Krenz-GmbH-492980750825216","article_modified_time":"2014-08-05T14:03:53+00:00","twitter_card":"summary_large_image","twitter_misc":{"Gesch\u00e4tzte Lesezeit":"2\u00a0Minuten"},"schema":{"@context":"https:\/\/schema.org","@graph":[{"@type":"WebPage","@id":"https:\/\/natursteine-krenz.de\/?page_id=91","url":"https:\/\/natursteine-krenz.de\/?page_id=91","name":"Der Steinmetz - Natursteine &amp; Grabmale G. Krenz GmbH","isPartOf":{"@id":"https:\/\/natursteine-krenz.de\/#website"},"datePublished":"2014-08-05T13:34:02+00:00","dateModified":"2014-08-05T14:03:53+00:00","breadcrumb":{"@id":"https:\/\/natursteine-krenz.de\/?page_id=91#breadcrumb"},"inLanguage":"de","potentialAction":[{"@type":"ReadAction","target":["https:\/\/natursteine-krenz.de\/?page_id=91"]}]},{"@type":"BreadcrumbList","@id":"https:\/\/natursteine-krenz.de\/?page_id=91#breadcrumb","itemListElement":[{"@type":"ListItem","position":1,"name":"Startseite","item":"https:\/\/natursteine-krenz.de\/"},{"@type":"ListItem","position":2,"name":"Der Steinmetz"}]},{"@type":"WebSite","@id":"https:\/\/natursteine-krenz.de\/#website","url":"https:\/\/natursteine-krenz.de\/","name":"Natursteine &amp; Grabmale G. Krenz GmbH","description":"Steinmetz und Bildhauer Meisterbetrieb","publisher":{"@id":"https:\/\/natursteine-krenz.de\/#organization"},"potentialAction":[{"@type":"SearchAction","target":{"@type":"EntryPoint","urlTemplate":"https:\/\/natursteine-krenz.de\/?s={search_term_string}"},"query-input":{"@type":"PropertyValueSpecification","valueRequired":true,"valueName":"search_term_string"}}],"inLanguage":"de"},{"@type":"Organization","@id":"https:\/\/natursteine-krenz.de\/#organization","name":"Natursteine und Grabmale G. Krenz GmbH","url":"https:\/\/natursteine-krenz.de\/","logo":{"@type":"ImageObject","inLanguage":"de","@id":"https:\/\/natursteine-krenz.de\/#\/schema\/logo\/image\/","url":"https:\/\/natursteine-krenz.de\/wp-content\/uploads\/2022\/01\/2020-_-Firmenkarte-kleiner-Rand-scaled.jpg","contentUrl":"https:\/\/natursteine-krenz.de\/wp-content\/uploads\/2022\/01\/2020-_-Firmenkarte-kleiner-Rand-scaled.jpg","width":2560,"height":1654,"caption":"Natursteine und Grabmale G. Krenz GmbH"},"image":{"@id":"https:\/\/natursteine-krenz.de\/#\/schema\/logo\/image\/"},"sameAs":["https:\/\/www.facebook.com\/Natursteine-Grabmale-G-Krenz-GmbH-492980750825216"]}]}},"_links":{"self":[{"href":"https:\/\/natursteine-krenz.de\/index.php?rest_route=\/wp\/v2\/pages\/91","targetHints":{"allow":["GET"]}}],"collection":[{"href":"https:\/\/natursteine-krenz.de\/index.php?rest_route=\/wp\/v2\/pages"}],"about":[{"href":"https:\/\/natursteine-krenz.de\/index.php?rest_route=\/wp\/v2\/types\/page"}],"author":[{"embeddable":true,"href":"https:\/\/natursteine-krenz.de\/index.php?rest_route=\/wp\/v2\/users\/1"}],"replies":[{"embeddable":true,"href":"https:\/\/natursteine-krenz.de\/index.php?rest_route=%2Fwp%2Fv2%2Fcomments&post=91"}],"version-history":[{"count":6,"href":"https:\/\/natursteine-krenz.de\/index.php?rest_route=\/wp\/v2\/pages\/91\/revisions"}],"predecessor-version":[{"id":110,"href":"https:\/\/natursteine-krenz.de\/index.php?rest_route=\/wp\/v2\/pages\/91\/revisions\/110"}],"wp:attachment":[{"href":"https:\/\/natursteine-krenz.de\/index.php?rest_route=%2Fwp%2Fv2%2Fmedia&parent=91"}],"curies":[{"name":"wp","href":"https:\/\/api.w.org\/{rel}","templated":true}]}}